{"id":7043,"date":"2024-11-28T14:27:33","date_gmt":"2024-11-28T13:27:33","guid":{"rendered":"https:\/\/vectorgestion.ch\/?page_id=7043"},"modified":"2025-06-26T14:44:50","modified_gmt":"2025-06-26T12:44:50","slug":"laurent-cuenez","status":"publish","type":"page","link":"https:\/\/vectorgestion.ch\/en\/team\/laurent-cuenez\/","title":{"rendered":"Laurent Cu\u00e9nez"},"content":{"rendered":"<p>[et_pb_section fb_built=&#8221;1&#8243; custom_padding_last_edited=&#8221;on|tablet&#8221; _builder_version=&#8221;4.16&#8243; background_color=&#8221;#f5f5f5&#8243; custom_padding=&#8221;90px||90px||true|false&#8221; custom_padding_tablet=&#8221;60px||60px||true|false&#8221; custom_padding_phone=&#8221;&#8221; global_colors_info=&#8221;{}&#8221;][et_pb_row column_structure=&#8221;1_2,1_2&#8243; use_custom_gutter=&#8221;on&#8221; gutter_width=&#8221;4&#8243; make_equal=&#8221;on&#8221; _builder_version=&#8221;4.25.2&#8243; width=&#8221;90%&#8221; max_width=&#8221;1280px&#8221; custom_margin=&#8221;150px||||false|false&#8221; custom_padding=&#8221;0px||0px|||&#8221; global_colors_info=&#8221;{}&#8221;][et_pb_column type=&#8221;1_2&#8243; _builder_version=&#8221;4.25.2&#8243; custom_padding_tablet=&#8221;|||0px|false|false&#8221; custom_padding_last_edited=&#8221;off|desktop&#8221; global_colors_info=&#8221;{}&#8221;][et_pb_image src=&#8221;https:\/\/vectorgestion.ch\/wp-content\/uploads\/2024\/11\/9N1A8780-683&#215;1024.jpg&#8221; title_text=&#8221;9N1A8780&#8243; force_fullwidth=&#8221;on&#8221; _builder_version=&#8221;4.27.4&#8243; global_colors_info=&#8221;{}&#8221;][\/et_pb_image][\/et_pb_column][et_pb_column type=&#8221;1_2&#8243; _builder_version=&#8221;4.25.2&#8243; custom_css_main_element=&#8221;display: flex;||flex-direction: column;||justify-content: center;&#8221; global_colors_info=&#8221;{}&#8221;][et_pb_text _builder_version=&#8221;4.27.4&#8243; header_6_font=&#8221;Karla|700||on|||||&#8221; header_6_text_color=&#8221;#46a8c6&#8243; header_6_font_size=&#8221;13px&#8221; custom_margin=&#8221;0px||28px||false|false&#8221; hover_enabled=&#8221;0&#8243; global_colors_info=&#8221;{}&#8221; sticky_enabled=&#8221;0&#8243; locked=&#8221;off&#8221;]<\/p>\n<h6>Lausanne<\/h6>\n<p>[\/et_pb_text][et_pb_text _builder_version=&#8221;4.27.4&#8243; header_2_font=&#8221;|&#8211;et_global_body_font_weight|||||||&#8221; header_2_text_color=&#8221;#B8860B&#8221; header_2_font_size=&#8221;32px&#8221; custom_margin=&#8221;||-1px|||&#8221; global_colors_info=&#8221;{}&#8221;]<\/p>\n<h2>Laurent Cu\u00e9nez<\/h2>\n<p>[\/et_pb_text][et_pb_text _builder_version=&#8221;4.19.5&#8243; header_3_font=&#8221;Karla|700||on|||||&#8221; header_3_text_color=&#8221;#46a8c6&#8243; header_3_font_size=&#8221;13px&#8221; custom_margin=&#8221;||25px|||&#8221; global_colors_info=&#8221;{}&#8221;]<\/p>\n<h3>Wealth manager<\/h3>\n<p>[\/et_pb_text][et_pb_text _builder_version=&#8221;4.27.4&#8243; text_font=&#8221;|&#8211;et_global_body_font_weight|||||||&#8221; global_colors_info=&#8221;{}&#8221;]<\/p>\n<p>After a career spanning almost 30 years with BCV, the last 18 of which in wealth management, Laurent joined Vector Gestion in 2024.<\/p>\n<p><\/p>\n<p>He holds the CIWM (Certified Investment Wealth Manager) and CWMA (Certified Wealth Management Advisor) diplomas, as well as the Dipl\u00f4me F\u00e9d\u00e9ral en Economie Bancaire. He also holds a diploma in pension planning, and has extensive experience of the financial markets and of providing global advice to his clients.<\/p>\n<p><\/p>\n<p>\u00a0Laurent was also Director of the SwissR\u00e9seau SA property brokerage network for 3 years, giving him a good insight into the property market and how it works.<\/p>\n<p><\/p>\n<p>\u00a0He now intends to develop Vector\u2019s activities in the Gros-de-Vaud region, which he has been working in for many years.<\/p>\n<p>[\/et_pb_text][et_pb_button button_url=&#8221;https:\/\/vectorgestion.ch\/en\/team\/&#8221; button_text=&#8221;Back to the team&#8221; _builder_version=&#8221;4.25.2&#8243; custom_button=&#8221;on&#8221; button_text_size=&#8221;13px&#8221; button_text_color=&#8221;#ffffff&#8221; button_bg_color=&#8221;#B8860B&#8221; button_border_width=&#8221;0px&#8221; button_border_radius=&#8221;0px&#8221; button_letter_spacing=&#8221;1px&#8221; button_font=&#8221;Karla|600||on|||||&#8221; button_use_icon=&#8221;off&#8221; custom_padding=&#8221;10px|30px|10px|30px|true|true&#8221; global_colors_info=&#8221;{}&#8221;][\/et_pb_button][\/et_pb_column][\/et_pb_row][\/et_pb_section]<\/p>\n","protected":false},"excerpt":{"rendered":"<p>LausanneLaurent Cu\u00e9nezWealth managerAfter a career spanning almost 30 years with BCV, the last 18 of which in wealth management, Laurent joined Vector Gestion in 2024.He holds the CIWM (Certified Investment Wealth Manager) and CWMA (Certified Wealth Management Advisor) diplomas, as well as the Dipl\u00f4me F\u00e9d\u00e9ral en Economie Bancaire. He also holds a diploma in pension [&hellip;]<\/p>\n","protected":false},"author":1,"featured_media":0,"parent":6777,"menu_order":0,"comment_status":"closed","ping_status":"closed","template":"","meta":{"_acf_changed":false,"_et_pb_use_builder":"on","_et_pb_old_content":"","_et_gb_content_width":"","footnotes":""},"class_list":["post-7043","page","type-page","status-publish","hentry"],"acf":[],"_links":{"self":[{"href":"https:\/\/vectorgestion.ch\/en\/wp-json\/wp\/v2\/pages\/7043","targetHints":{"allow":["GET"]}}],"collection":[{"href":"https:\/\/vectorgestion.ch\/en\/wp-json\/wp\/v2\/pages"}],"about":[{"href":"https:\/\/vectorgestion.ch\/en\/wp-json\/wp\/v2\/types\/page"}],"author":[{"embeddable":true,"href":"https:\/\/vectorgestion.ch\/en\/wp-json\/wp\/v2\/users\/1"}],"replies":[{"embeddable":true,"href":"https:\/\/vectorgestion.ch\/en\/wp-json\/wp\/v2\/comments?post=7043"}],"version-history":[{"count":7,"href":"https:\/\/vectorgestion.ch\/en\/wp-json\/wp\/v2\/pages\/7043\/revisions"}],"predecessor-version":[{"id":7243,"href":"https:\/\/vectorgestion.ch\/en\/wp-json\/wp\/v2\/pages\/7043\/revisions\/7243"}],"up":[{"embeddable":true,"href":"https:\/\/vectorgestion.ch\/en\/wp-json\/wp\/v2\/pages\/6777"}],"wp:attachment":[{"href":"https:\/\/vectorgestion.ch\/en\/wp-json\/wp\/v2\/media?parent=7043"}],"curies":[{"name":"wp","href":"https:\/\/api.w.org\/{rel}","templated":true}]}}