{"id":5865,"date":"2020-04-15T17:08:05","date_gmt":"2020-04-15T15:08:05","guid":{"rendered":"https:\/\/v2.vectorgestion.ch\/the-company\/jerome-cherpillod\/"},"modified":"2024-10-29T16:48:47","modified_gmt":"2024-10-29T15:48:47","slug":"jerome-cherpillod","status":"publish","type":"page","link":"https:\/\/vectorgestion.ch\/en\/team\/jerome-cherpillod\/","title":{"rendered":"J\u00e9r\u00f4me Cherpillod"},"content":{"rendered":"<p>[et_pb_section fb_built=&#8221;1&#8243; custom_padding_last_edited=&#8221;on|tablet&#8221; _builder_version=&#8221;4.16&#8243; background_color=&#8221;#f5f5f5&#8243; custom_padding=&#8221;90px||90px||true|false&#8221; custom_padding_tablet=&#8221;60px||60px||true|false&#8221; custom_padding_phone=&#8221;&#8221; global_colors_info=&#8221;{}&#8221;][et_pb_row column_structure=&#8221;1_2,1_2&#8243; use_custom_gutter=&#8221;on&#8221; gutter_width=&#8221;4&#8243; make_equal=&#8221;on&#8221; _builder_version=&#8221;4.25.2&#8243; width=&#8221;90%&#8221; max_width=&#8221;1280px&#8221; custom_padding=&#8221;150px||0px||false|false&#8221; global_colors_info=&#8221;{}&#8221;][et_pb_column type=&#8221;1_2&#8243; _builder_version=&#8221;4.25.2&#8243; custom_padding_tablet=&#8221;|||0px|false|false&#8221; custom_padding_last_edited=&#8221;off|desktop&#8221; global_colors_info=&#8221;{}&#8221;][et_pb_image src=&#8221;https:\/\/vectorgestion.ch\/wp-content\/uploads\/2024\/06\/Jerome-Cherpillod-Vector-Gestion_1.jpg&#8221; title_text=&#8221;Jerome-Cherpillod-Vector-Gestion_1&#8243; force_fullwidth=&#8221;on&#8221; _builder_version=&#8221;4.27.0&#8243; global_colors_info=&#8221;{}&#8221;][\/et_pb_image][\/et_pb_column][et_pb_column type=&#8221;1_2&#8243; _builder_version=&#8221;4.25.2&#8243; custom_css_main_element=&#8221;flex-direction: column;||display: flex;||justify-content: center;&#8221; global_colors_info=&#8221;{}&#8221;][et_pb_text _builder_version=&#8221;4.25.2&#8243; header_6_font=&#8221;Karla|700||on|||||&#8221; header_6_text_color=&#8221;#46a8c6&#8243; header_6_font_size=&#8221;13px&#8221; custom_margin=&#8221;0px||28px||false|false&#8221; global_colors_info=&#8221;{}&#8221;]<\/p>\n<h6>Nyon<\/h6>\n<p>[\/et_pb_text][et_pb_text _builder_version=&#8221;4.25.2&#8243; header_2_font=&#8221;|&#8211;et_global_body_font_weight|||||||&#8221; header_2_text_color=&#8221;#B8860B&#8221; header_2_font_size=&#8221;32px&#8221; custom_margin=&#8221;||-1px|||&#8221; global_colors_info=&#8221;{}&#8221;]<\/p>\n<h2>J\u00e9r\u00f4me Cherpillod<\/h2>\n<p>[\/et_pb_text][et_pb_text _builder_version=&#8221;4.16&#8243; header_3_font=&#8221;Karla|700||on|||||&#8221; header_3_text_color=&#8221;#46a8c6&#8243; header_3_font_size=&#8221;13px&#8221; custom_margin=&#8221;||25px|||&#8221; global_colors_info=&#8221;{}&#8221;]<\/p>\n<h3>Investment manager<\/h3>\n<p>[\/et_pb_text][et_pb_text _builder_version=&#8221;4.25.2&#8243; text_font=&#8221;|&#8211;et_global_body_font_weight|||||||&#8221; global_colors_info=&#8221;{}&#8221;]<\/p>\n<p>Having gained a degree in business economics from the HEG in Lausanne and a federal certified international wealth manager\u2019s diploma (CIWM), J\u00e9r\u00f4me Cherpillod initially assisted a bond fund manager at Pictet  Cie in Geneva. J\u00e9r\u00f4me then joined Banque Cantonale Vaudoise as an advisor to independent asset managers. <\/p>\n<p>In 2013, J\u00e9r\u00f4me decided to put his experience to work for Vector Gestion, where he is in charge of mandate management, analysis and product follow-up.<\/p>\n<p>[\/et_pb_text][et_pb_button button_url=&#8221;https:\/\/vectorgestion.ch\/en\/team\/&#8221; button_text=&#8221;Back to the team&#8221; _builder_version=&#8221;4.27.0&#8243; custom_button=&#8221;on&#8221; button_text_size=&#8221;13px&#8221; button_text_color=&#8221;#ffffff&#8221; button_bg_color=&#8221;#B8860B&#8221; button_border_width=&#8221;0px&#8221; button_border_radius=&#8221;0px&#8221; button_letter_spacing=&#8221;1px&#8221; button_font=&#8221;Karla|600||on|||||&#8221; button_use_icon=&#8221;off&#8221; custom_padding=&#8221;10px|30px|10px|30px|true|true&#8221; global_colors_info=&#8221;{}&#8221;][\/et_pb_button][\/et_pb_column][\/et_pb_row][\/et_pb_section]<\/p>\n","protected":false},"excerpt":{"rendered":"<p>NyonJ\u00e9r\u00f4me CherpillodInvestment managerHaving gained a degree in business economics from the HEG in Lausanne and a federal certified international wealth manager\u2019s diploma (CIWM), J\u00e9r\u00f4me Cherpillod initially assisted a bond fund manager at Pictet Cie in Geneva. J\u00e9r\u00f4me then joined Banque Cantonale Vaudoise as an advisor to independent asset managers. In 2013, J\u00e9r\u00f4me decided to put [&hellip;]<\/p>\n","protected":false},"author":1,"featured_media":0,"parent":6777,"menu_order":0,"comment_status":"closed","ping_status":"closed","template":"","meta":{"_acf_changed":false,"_et_pb_use_builder":"on","_et_pb_old_content":"","_et_gb_content_width":"","footnotes":""},"class_list":["post-5865","page","type-page","status-publish","hentry"],"acf":[],"_links":{"self":[{"href":"https:\/\/vectorgestion.ch\/en\/wp-json\/wp\/v2\/pages\/5865","targetHints":{"allow":["GET"]}}],"collection":[{"href":"https:\/\/vectorgestion.ch\/en\/wp-json\/wp\/v2\/pages"}],"about":[{"href":"https:\/\/vectorgestion.ch\/en\/wp-json\/wp\/v2\/types\/page"}],"author":[{"embeddable":true,"href":"https:\/\/vectorgestion.ch\/en\/wp-json\/wp\/v2\/users\/1"}],"replies":[{"embeddable":true,"href":"https:\/\/vectorgestion.ch\/en\/wp-json\/wp\/v2\/comments?post=5865"}],"version-history":[{"count":6,"href":"https:\/\/vectorgestion.ch\/en\/wp-json\/wp\/v2\/pages\/5865\/revisions"}],"predecessor-version":[{"id":6853,"href":"https:\/\/vectorgestion.ch\/en\/wp-json\/wp\/v2\/pages\/5865\/revisions\/6853"}],"up":[{"embeddable":true,"href":"https:\/\/vectorgestion.ch\/en\/wp-json\/wp\/v2\/pages\/6777"}],"wp:attachment":[{"href":"https:\/\/vectorgestion.ch\/en\/wp-json\/wp\/v2\/media?parent=5865"}],"curies":[{"name":"wp","href":"https:\/\/api.w.org\/{rel}","templated":true}]}}